{"id":5776,"date":"2024-02-29T17:53:34","date_gmt":"2024-02-29T16:53:00","guid":{"rendered":"https:\/\/ijp.org\/projects\/comlab-9\/"},"modified":"2024-11-15T14:12:47","modified_gmt":"2024-11-15T13:12:47","slug":"comlab-9","status":"publish","type":"page","link":"https:\/\/ijp.org\/en\/projects\/comlab-9\/","title":{"rendered":"ComLab #9"},"content":{"rendered":"<div class=\"block block--header block--project  margin-bottom--huge\" id=\"block_becbe5767b244b99180d919018346ec8\" data-id=\"\">\n\n\t<div class=\"fullheight relative\">\n\n\t\t<div class=\"relative\">\n\n\n\t\t\t<div class=\"container relative\">\n\n\t\t\t\t<div class=\"flex flex--wrap\">\n\t\t\t\t\t<div class=\"flex__item four-fifths md-one-whole\">\n\n\t\t\t\t\t\t<h1>\n\t\t\t\t\t\t\tComLab #9\t\t\t\t\t\t\t<span>Bridging Science and Media for Impactful Global Storytelling<\/span>\n\t\t\t\t\t\t<\/h1>\n\n\n\t\t\t\t\t\t\n\t\t\t\t\t\t\t<div class=\"margin-bottom--big padding-top\">\n\t\t\t\t\t\t\t\t<img decoding=\"async\" src=\"https:\/\/ijp.org\/wp-content\/uploads\/2024\/11\/mowuestenhagen_IJP_comlab_051-1400x934.jpg\" \n\t\t\t\t\t\t\t\t\tsrcset=\"https:\/\/ijp.org\/wp-content\/uploads\/2024\/11\/mowuestenhagen_IJP_comlab_051-2400x1601.jpg 2400w,\n\t\t\t\t\t\t\t\t\t\t\thttps:\/\/ijp.org\/wp-content\/uploads\/2024\/11\/mowuestenhagen_IJP_comlab_051-1920x1281.jpg 1920w,\n\t\t\t\t\t\t\t\t\t\t\thttps:\/\/ijp.org\/wp-content\/uploads\/2024\/11\/mowuestenhagen_IJP_comlab_051-1600x1067.jpg 1600w,\n\t\t\t\t\t\t\t\t\t\t\thttps:\/\/ijp.org\/wp-content\/uploads\/2024\/11\/mowuestenhagen_IJP_comlab_051-1400x934.jpg 1400w,\n\t\t\t\t\t\t\t\t\t\t\thttps:\/\/ijp.org\/wp-content\/uploads\/2024\/11\/mowuestenhagen_IJP_comlab_051-1200x800.jpg 1200w,\n\t\t\t\t\t\t\t\t\t\t\thttps:\/\/ijp.org\/wp-content\/uploads\/2024\/11\/mowuestenhagen_IJP_comlab_051-1024x683.jpg 1024w,\n\t\t\t\t\t\t\t\t\t\t\thttps:\/\/ijp.org\/wp-content\/uploads\/2024\/11\/mowuestenhagen_IJP_comlab_051-800x534.jpg 800w\" \n\t\t\t\t\t\t\t\t\talt=\"\" loading=\"lazy\" \n\t\t\t\t\t\t\t\t\tsizes=\"auto, (min-width) 65vw, 95vw\" width=\"2560\" height=\"1708\">\n\t\t\t\t\t\t\t<\/div>\n\n\t\t\t\t\t\t\n\n\t\t\t\t\t\t<div class=\"max-width-2\"><p><strong>September 19 \u2013 22, 2024 | live in Berlin<\/strong><\/p>\n<p style=\"font-weight: 400;\">ComLab #9, a collaboration between the International Journalists&#8217; Programmes (IJP) and the Alexander von Humboldt Foundation, brought journalists and scientists together in an inspiring exchange of ideas and perspectives. Over the course of four days, these dedicated professionals formed science-media tandems, uniting their expertise to address some of the most pressing global challenges\u2014migration, climate change, and AI. Central to the event was a pitch competition, where participants presented innovative project ideas, all shaped by the guidance of experienced mentors.<\/p>\n<figure id=\"attachment_6619\" aria-describedby=\"caption-attachment-6619\" style=\"width: 640px\" class=\"wp-caption alignnone\"><img loading=\"lazy\" decoding=\"async\" class=\"wp-image-6619 size-large\" src=\"https:\/\/ijp.org\/wp-content\/uploads\/2024\/11\/mowuestenhagen_IJP_comlab_263-1024x683.jpg\" alt=\"\" width=\"640\" height=\"427\" srcset=\"https:\/\/ijp.org\/wp-content\/uploads\/2024\/11\/mowuestenhagen_IJP_comlab_263-1024x683.jpg 1024w, https:\/\/ijp.org\/wp-content\/uploads\/2024\/11\/mowuestenhagen_IJP_comlab_263-300x200.jpg 300w, https:\/\/ijp.org\/wp-content\/uploads\/2024\/11\/mowuestenhagen_IJP_comlab_263-768x512.jpg 768w, https:\/\/ijp.org\/wp-content\/uploads\/2024\/11\/mowuestenhagen_IJP_comlab_263-1536x1025.jpg 1536w, https:\/\/ijp.org\/wp-content\/uploads\/2024\/11\/mowuestenhagen_IJP_comlab_263-2048x1366.jpg 2048w, https:\/\/ijp.org\/wp-content\/uploads\/2024\/11\/mowuestenhagen_IJP_comlab_263-1920x1281.jpg 1920w, https:\/\/ijp.org\/wp-content\/uploads\/2024\/11\/mowuestenhagen_IJP_comlab_263-1600x1067.jpg 1600w, https:\/\/ijp.org\/wp-content\/uploads\/2024\/11\/mowuestenhagen_IJP_comlab_263-1400x934.jpg 1400w, https:\/\/ijp.org\/wp-content\/uploads\/2024\/11\/mowuestenhagen_IJP_comlab_263-1200x800.jpg 1200w, https:\/\/ijp.org\/wp-content\/uploads\/2024\/11\/mowuestenhagen_IJP_comlab_263-800x534.jpg 800w, https:\/\/ijp.org\/wp-content\/uploads\/2024\/11\/mowuestenhagen_IJP_comlab_263-680x454.jpg 680w, https:\/\/ijp.org\/wp-content\/uploads\/2024\/11\/mowuestenhagen_IJP_comlab_263-560x374.jpg 560w, https:\/\/ijp.org\/wp-content\/uploads\/2024\/11\/mowuestenhagen_IJP_comlab_263-420x280.jpg 420w\" sizes=\"auto, (max-width: 640px) 100vw, 640px\" \/><figcaption id=\"caption-attachment-6619\" class=\"wp-caption-text\">In conversation: Science journalist Dr. Anna Carthaus and Antimicrobial Resistance (AMR) researcher Chika Ejikeugwu \/\/\/ Foto: Mo W\u00fcstenhagen<\/figcaption><\/figure>\n<p style=\"font-weight: 400;\">What made ComLab#9 truly special was the deep, mutual learning experience. Journalists and scientists explored how to bridge the gap between complex research and accessible storytelling, tackling tough questions about misinformation, social media\u2019s impact, and the ethical responsibilities of both fields. Through panel discussions, workshops, and group projects, they shared not just their knowledge but their passions\u2014seeking to find new ways to communicate critical issues to the world.<\/p>\n<figure id=\"attachment_6617\" aria-describedby=\"caption-attachment-6617\" style=\"width: 640px\" class=\"wp-caption alignnone\"><img loading=\"lazy\" decoding=\"async\" class=\"wp-image-6617 size-large\" src=\"https:\/\/ijp.org\/wp-content\/uploads\/2024\/11\/mowuestenhagen_IJP_comlab_139-1024x683.jpg\" alt=\"\" width=\"640\" height=\"427\" srcset=\"https:\/\/ijp.org\/wp-content\/uploads\/2024\/11\/mowuestenhagen_IJP_comlab_139-1024x683.jpg 1024w, https:\/\/ijp.org\/wp-content\/uploads\/2024\/11\/mowuestenhagen_IJP_comlab_139-300x200.jpg 300w, https:\/\/ijp.org\/wp-content\/uploads\/2024\/11\/mowuestenhagen_IJP_comlab_139-768x512.jpg 768w, https:\/\/ijp.org\/wp-content\/uploads\/2024\/11\/mowuestenhagen_IJP_comlab_139-1536x1024.jpg 1536w, https:\/\/ijp.org\/wp-content\/uploads\/2024\/11\/mowuestenhagen_IJP_comlab_139-2048x1365.jpg 2048w, https:\/\/ijp.org\/wp-content\/uploads\/2024\/11\/mowuestenhagen_IJP_comlab_139-1920x1280.jpg 1920w, https:\/\/ijp.org\/wp-content\/uploads\/2024\/11\/mowuestenhagen_IJP_comlab_139-1600x1067.jpg 1600w, https:\/\/ijp.org\/wp-content\/uploads\/2024\/11\/mowuestenhagen_IJP_comlab_139-1400x933.jpg 1400w, https:\/\/ijp.org\/wp-content\/uploads\/2024\/11\/mowuestenhagen_IJP_comlab_139-1200x800.jpg 1200w, https:\/\/ijp.org\/wp-content\/uploads\/2024\/11\/mowuestenhagen_IJP_comlab_139-800x533.jpg 800w, https:\/\/ijp.org\/wp-content\/uploads\/2024\/11\/mowuestenhagen_IJP_comlab_139-680x453.jpg 680w, https:\/\/ijp.org\/wp-content\/uploads\/2024\/11\/mowuestenhagen_IJP_comlab_139-560x373.jpg 560w, https:\/\/ijp.org\/wp-content\/uploads\/2024\/11\/mowuestenhagen_IJP_comlab_139-420x280.jpg 420w\" sizes=\"auto, (max-width: 640px) 100vw, 640px\" \/><figcaption id=\"caption-attachment-6617\" class=\"wp-caption-text\">Photo: Mo W\u00fcstenhagen<\/figcaption><\/figure>\n<h3><span lang=\"EN-US\">Pitch Competition: Celebrating Creative Science Storytelling\u00a0<\/span><\/h3>\n<p style=\"font-weight: 400;\">At the heart of ComLab#9 was the exciting and highly anticipated pitch competition, where participants showcased their collaborative project ideas to an esteemed international jury of editors\u2014Sahana Ghosh (Nature India), Jens Rad\u00fc (Der Spiegel), and Heike Vowinkel (t-online). The jury was not only looking for strong ideas but for projects that stood out with their creativity, the originality of their topics, and the seamless blending of scientific expertise with captivating storytelling tailored to different audiences.<\/p>\n<p style=\"font-weight: 400;\">In the end, three teams truly captured the jury&#8217;s attention with their innovative and heartfelt approaches. Awards were presented to:<\/p>\n<ul>\n<li style=\"font-weight: 400;\">Nigerian digital humanities researcher <strong>Onwu Inya<\/strong> and Slovakian journalist <strong>Tom\u00e1\u0161 Hriv\u0148\u00e1k<\/strong> for their story \u201cGeni\u2019s Adventure and the Knowledge tree: Understanding AI like a 6 year old\u201d;<\/li>\n<li style=\"font-weight: 400;\">Bangladeshi environmental scientist <strong>Mohammed Mofizur Rahman<\/strong> and Danish journalist <strong>Lise Josefsen Hermann<\/strong> for their story \u201cSalt \u2013 the silent killer in the soil\u201d;<\/li>\n<li style=\"font-weight: 400;\">German political and economic scientist <strong>Daniel M\u00fcgge<\/strong> and German political analyst <strong>Sabine Muscat<\/strong> for their story \u201cWired: The Avengers for Europe&#8217;s Digital Freedom\u201d.<\/li>\n<\/ul>\n<p style=\"font-weight: 400;\">The energy in the room reached new heights when the audience cast their vote, awarding French Antarctic researcher <strong>Mathieu Casado<\/strong> and Serbian climate journalist <strong>Luka Stokic<\/strong>\u00a0for their story \u201cSneaky Science\u201d. This moment of celebration underscored the collaborative magic that defined ComLab#9\u2014a powerful union of diverse minds coming together to create meaningful, impactful stories.<\/p>\n<figure id=\"attachment_6621\" aria-describedby=\"caption-attachment-6621\" style=\"width: 640px\" class=\"wp-caption alignnone\"><img loading=\"lazy\" decoding=\"async\" class=\"wp-image-6621 size-large\" src=\"https:\/\/ijp.org\/wp-content\/uploads\/2024\/11\/mowuestenhagen_IJP_comlab_394-1024x683.jpg\" alt=\"\" width=\"640\" height=\"427\" srcset=\"https:\/\/ijp.org\/wp-content\/uploads\/2024\/11\/mowuestenhagen_IJP_comlab_394-1024x683.jpg 1024w, https:\/\/ijp.org\/wp-content\/uploads\/2024\/11\/mowuestenhagen_IJP_comlab_394-300x200.jpg 300w, https:\/\/ijp.org\/wp-content\/uploads\/2024\/11\/mowuestenhagen_IJP_comlab_394-768x512.jpg 768w, https:\/\/ijp.org\/wp-content\/uploads\/2024\/11\/mowuestenhagen_IJP_comlab_394-1536x1025.jpg 1536w, https:\/\/ijp.org\/wp-content\/uploads\/2024\/11\/mowuestenhagen_IJP_comlab_394-2048x1366.jpg 2048w, https:\/\/ijp.org\/wp-content\/uploads\/2024\/11\/mowuestenhagen_IJP_comlab_394-1920x1281.jpg 1920w, https:\/\/ijp.org\/wp-content\/uploads\/2024\/11\/mowuestenhagen_IJP_comlab_394-1600x1067.jpg 1600w, https:\/\/ijp.org\/wp-content\/uploads\/2024\/11\/mowuestenhagen_IJP_comlab_394-1400x934.jpg 1400w, https:\/\/ijp.org\/wp-content\/uploads\/2024\/11\/mowuestenhagen_IJP_comlab_394-1200x800.jpg 1200w, https:\/\/ijp.org\/wp-content\/uploads\/2024\/11\/mowuestenhagen_IJP_comlab_394-800x534.jpg 800w, https:\/\/ijp.org\/wp-content\/uploads\/2024\/11\/mowuestenhagen_IJP_comlab_394-680x454.jpg 680w, https:\/\/ijp.org\/wp-content\/uploads\/2024\/11\/mowuestenhagen_IJP_comlab_394-560x374.jpg 560w, https:\/\/ijp.org\/wp-content\/uploads\/2024\/11\/mowuestenhagen_IJP_comlab_394-420x280.jpg 420w\" sizes=\"auto, (max-width: 640px) 100vw, 640px\" \/><figcaption id=\"caption-attachment-6621\" class=\"wp-caption-text\">The winners and the jury (from left to right): Daniel M\u00fcgge, Sabine Muscat, Lise Josefsen Hermann, Mohammed Mofizur Rahman , Jens Rad\u00fc (Der Spiegel), Heike Vowinkel (t-online), Sahana Ghosh (Nature India), Onwu Inya und Tom\u00e1\u0161 Hriv\u0148\u00e1k \/\/\/ Photo: Mo W\u00fcstenhagen<\/figcaption><\/figure>\n<figure id=\"attachment_6615\" aria-describedby=\"caption-attachment-6615\" style=\"width: 640px\" class=\"wp-caption alignnone\"><img loading=\"lazy\" decoding=\"async\" class=\"wp-image-6615 size-large\" src=\"https:\/\/ijp.org\/wp-content\/uploads\/2024\/11\/mowuestenhagen_IJP_comlab_095-1024x683.jpg\" alt=\"\" width=\"640\" height=\"427\" srcset=\"https:\/\/ijp.org\/wp-content\/uploads\/2024\/11\/mowuestenhagen_IJP_comlab_095-1024x683.jpg 1024w, https:\/\/ijp.org\/wp-content\/uploads\/2024\/11\/mowuestenhagen_IJP_comlab_095-300x200.jpg 300w, https:\/\/ijp.org\/wp-content\/uploads\/2024\/11\/mowuestenhagen_IJP_comlab_095-768x512.jpg 768w, https:\/\/ijp.org\/wp-content\/uploads\/2024\/11\/mowuestenhagen_IJP_comlab_095-1536x1024.jpg 1536w, https:\/\/ijp.org\/wp-content\/uploads\/2024\/11\/mowuestenhagen_IJP_comlab_095-2048x1365.jpg 2048w, https:\/\/ijp.org\/wp-content\/uploads\/2024\/11\/mowuestenhagen_IJP_comlab_095-1920x1280.jpg 1920w, https:\/\/ijp.org\/wp-content\/uploads\/2024\/11\/mowuestenhagen_IJP_comlab_095-1600x1067.jpg 1600w, https:\/\/ijp.org\/wp-content\/uploads\/2024\/11\/mowuestenhagen_IJP_comlab_095-1400x933.jpg 1400w, https:\/\/ijp.org\/wp-content\/uploads\/2024\/11\/mowuestenhagen_IJP_comlab_095-1200x800.jpg 1200w, https:\/\/ijp.org\/wp-content\/uploads\/2024\/11\/mowuestenhagen_IJP_comlab_095-800x533.jpg 800w, https:\/\/ijp.org\/wp-content\/uploads\/2024\/11\/mowuestenhagen_IJP_comlab_095-680x453.jpg 680w, https:\/\/ijp.org\/wp-content\/uploads\/2024\/11\/mowuestenhagen_IJP_comlab_095-560x373.jpg 560w, https:\/\/ijp.org\/wp-content\/uploads\/2024\/11\/mowuestenhagen_IJP_comlab_095-420x280.jpg 420w\" sizes=\"auto, (max-width: 640px) 100vw, 640px\" \/><figcaption id=\"caption-attachment-6615\" class=\"wp-caption-text\">Climate crisis working group \/\/\/ Photo: Mo W\u00fcstenhagen<\/figcaption><\/figure>\n<h3><\/h3>\n<h3>ComLab#9 at Berlin Science Week | November 2, 2024<\/h3>\n<h2>Science meets Storytelling: How Journalism and Research Tackle Global Challenges<\/h2>\n<p style=\"font-weight: 400;\">As part of Berlin Science Week, this unique event brought together science and journalism to explore challenges in communicating pressing global issues such as migration, climate change, and artificial intelligence. The panel, moderated by Stephanie Siewert from the Alexander von Humboldt Foundation, featured two participants from ComLab #9\u2014<strong>Adrianna Borowicz<\/strong> from Poland and <strong>Sanam Roohi<\/strong> from India.<\/p>\n<p style=\"font-weight: 400;\"><strong>Making Science Engaging and Accessible<\/strong><\/p>\n<p style=\"font-weight: 400;\">The panel discussed how to \u201cmake science sexy\u201d by moving away from academic jargon and creating relatable, accessible narratives. This shift helps audiences connect with scientific issues through data rather than relying on emotional appeal, countering the manipulation often used in populist discourse. With effective storytelling, science can bridge knowledge gaps and empower people by showing how research improves daily life.<\/p>\n<p style=\"font-weight: 400;\"><strong>Migration Narratives and Community Scapegoating<\/strong><\/p>\n<p style=\"font-weight: 400;\">Migration expert Sanam Roohi tackled harmful stereotypes in migration narratives. Using examples from India, Afghanistan, China, and Bangladesh, she highlighted how portraying migrants as either \u201cgood\u201d or \u201cbad\u201d can fuel discrimination. Recent initiatives, such as India\u2019s new 90,000-visa program for skilled professionals, underscore the importance of presenting migrants as contributors to society rather than threats. Media should focus on human stories that showcase the enriching role of diverse communities.<\/p>\n<p style=\"font-weight: 400;\"><strong>Climate Change: A Politicized and Complex Issue<\/strong><\/p>\n<p style=\"font-weight: 400;\">With climate change often entangled in political debate, Adrianna Borowicz stressed the need for accessible communication. She recommended solution-focused journalism over disaster reporting, citing the recent floods in Spain as an example. By presenting simple, actionable steps\u2014like shopping locally to reduce emissions\u2014journalists can engage audiences meaningfully, without overwhelming them with the scale of the issue.<\/p>\n<p style=\"font-weight: 400;\"><strong>Human Stories and Protagonists in Science Communication<\/strong><\/p>\n<p style=\"font-weight: 400;\">The panel agreed: Personal stories make scientific issues relatable, a technique that is central to the ComLab program, where scientists become the protagonists of their own research. Diverse and inclusive representation, particularly of female experts, is essential to enrich the discourse in science reporting and to counterbalance the dominance of well-known voices.<\/p>\n<p style=\"font-weight: 400;\"><strong>Encouraging Local and Solution-Oriented Journalism<\/strong><\/p>\n<p style=\"font-weight: 400;\">Stephanie Siewert encouraged scientists to actively pitch their research to local media, fostering a closer connection with communities. Journalist Adrianna Borowicz shared her experience with the ComLab. Together with a researcher from India, she will be looking at G\u00f6rlitz and its response to climate change. The city, which has been divided into a Polish and a German city since the Second World War, is currently working on a joint sustainable heating system. The effects will ultimately be felt by all citizens in both parts of the city &#8211; namely lower heating costs. She emphasized the importance of presenting local, solution-driven stories that feel relevant to everyday life.<\/p>\n<p style=\"font-weight: 400;\"><strong>The Role of Journalists vs. AI<\/strong><\/p>\n<p style=\"font-weight: 400;\">In closing, panelists expressed hope that AI does not replace human journalists. They underlined the value of human connection and the nuanced storytelling that journalists and scientists bring, which is essential in navigating the complex media landscape and fostering a well-informed public.<\/p>\n<figure id=\"attachment_6611\" aria-describedby=\"caption-attachment-6611\" style=\"width: 640px\" class=\"wp-caption alignnone\"><img loading=\"lazy\" decoding=\"async\" class=\"wp-image-6611 size-large\" src=\"https:\/\/ijp.org\/wp-content\/uploads\/2024\/11\/mowuestenhagen_IJP_comlab_053-1024x683.jpg\" alt=\"\" width=\"640\" height=\"427\" srcset=\"https:\/\/ijp.org\/wp-content\/uploads\/2024\/11\/mowuestenhagen_IJP_comlab_053-1024x683.jpg 1024w, https:\/\/ijp.org\/wp-content\/uploads\/2024\/11\/mowuestenhagen_IJP_comlab_053-300x200.jpg 300w, https:\/\/ijp.org\/wp-content\/uploads\/2024\/11\/mowuestenhagen_IJP_comlab_053-768x512.jpg 768w, https:\/\/ijp.org\/wp-content\/uploads\/2024\/11\/mowuestenhagen_IJP_comlab_053-1536x1025.jpg 1536w, https:\/\/ijp.org\/wp-content\/uploads\/2024\/11\/mowuestenhagen_IJP_comlab_053-2048x1366.jpg 2048w, https:\/\/ijp.org\/wp-content\/uploads\/2024\/11\/mowuestenhagen_IJP_comlab_053-1920x1281.jpg 1920w, https:\/\/ijp.org\/wp-content\/uploads\/2024\/11\/mowuestenhagen_IJP_comlab_053-1600x1067.jpg 1600w, https:\/\/ijp.org\/wp-content\/uploads\/2024\/11\/mowuestenhagen_IJP_comlab_053-1400x934.jpg 1400w, https:\/\/ijp.org\/wp-content\/uploads\/2024\/11\/mowuestenhagen_IJP_comlab_053-1200x800.jpg 1200w, https:\/\/ijp.org\/wp-content\/uploads\/2024\/11\/mowuestenhagen_IJP_comlab_053-800x534.jpg 800w, https:\/\/ijp.org\/wp-content\/uploads\/2024\/11\/mowuestenhagen_IJP_comlab_053-680x454.jpg 680w, https:\/\/ijp.org\/wp-content\/uploads\/2024\/11\/mowuestenhagen_IJP_comlab_053-560x374.jpg 560w, https:\/\/ijp.org\/wp-content\/uploads\/2024\/11\/mowuestenhagen_IJP_comlab_053-420x280.jpg 420w\" sizes=\"auto, (max-width: 640px) 100vw, 640px\" \/><figcaption id=\"caption-attachment-6611\" class=\"wp-caption-text\">Photo: Mo W\u00fcstenhagen<\/figcaption><\/figure>\n<\/div>\n\n\t\t\t\t\t<\/div>\n\t\t\t\t\t<div class=\"flex__item one-fifth md-one-whole\">\n\t\t\t\t\t\t<aside>\n\t\t\t\t\t\t\t<h2>Contact<\/h2>\n<p>Martina Johns<br \/>\n<a href=\"mailto:johns@ijp.org\">johns@ijp.org<\/a><\/p>\n<p>Application address<br \/>\n<a href=\"mailto:comlab@ijp.org\">comlab@ijp.org<\/a><\/p>\n\t\t\t\t\t\t<\/aside>\n\t\t\t\t\t<\/div>\n\t\t\t\t<\/div>\n\n\t\t\t<\/div>\n\n\t\t<\/div>\n\n\n\t<\/div>\n<\/div>","protected":false},"excerpt":{"rendered":"","protected":false},"author":3,"featured_media":0,"parent":3493,"menu_order":7,"comment_status":"closed","ping_status":"closed","template":"","meta":{"_acf_changed":false,"inline_featured_image":false,"footnotes":""},"class_list":["post-5776","page","type-page","status-publish","hentry"],"acf":[],"yoast_head":"<!-- This site is optimized with the Yoast SEO plugin v27.4 - https:\/\/yoast.com\/product\/yoast-seo-wordpress\/ -->\n<title>ComLab #9 - IJP<\/title>\n<meta name=\"robots\" content=\"index, follow, max-snippet:-1, max-image-preview:large, max-video-preview:-1\" \/>\n<link rel=\"canonical\" href=\"https:\/\/ijp.org\/en\/projects\/comlab-9\/\" \/>\n<meta property=\"og:locale\" content=\"en_US\" \/>\n<meta property=\"og:type\" content=\"article\" \/>\n<meta property=\"og:title\" content=\"ComLab #9 - IJP\" \/>\n<meta property=\"og:url\" content=\"https:\/\/ijp.org\/en\/projects\/comlab-9\/\" \/>\n<meta property=\"og:site_name\" content=\"IJP\" \/>\n<meta property=\"article:modified_time\" content=\"2024-11-15T13:12:47+00:00\" \/>\n<meta name=\"twitter:card\" content=\"summary_large_image\" \/>\n<script type=\"application\/ld+json\" class=\"yoast-schema-graph\">{\"@context\":\"https:\\\/\\\/schema.org\",\"@graph\":[{\"@type\":\"WebPage\",\"@id\":\"https:\\\/\\\/ijp.org\\\/en\\\/projects\\\/comlab-9\\\/\",\"url\":\"https:\\\/\\\/ijp.org\\\/en\\\/projects\\\/comlab-9\\\/\",\"name\":\"ComLab #9 - IJP\",\"isPartOf\":{\"@id\":\"https:\\\/\\\/ijp.org\\\/#website\"},\"datePublished\":\"2024-02-29T16:53:00+00:00\",\"dateModified\":\"2024-11-15T13:12:47+00:00\",\"breadcrumb\":{\"@id\":\"https:\\\/\\\/ijp.org\\\/en\\\/projects\\\/comlab-9\\\/#breadcrumb\"},\"inLanguage\":\"en-US\",\"potentialAction\":[{\"@type\":\"ReadAction\",\"target\":[\"https:\\\/\\\/ijp.org\\\/en\\\/projects\\\/comlab-9\\\/\"]}]},{\"@type\":\"BreadcrumbList\",\"@id\":\"https:\\\/\\\/ijp.org\\\/en\\\/projects\\\/comlab-9\\\/#breadcrumb\",\"itemListElement\":[{\"@type\":\"ListItem\",\"position\":1,\"name\":\"Startseite\",\"item\":\"https:\\\/\\\/ijp.org\\\/en\\\/\"},{\"@type\":\"ListItem\",\"position\":2,\"name\":\"Projects\",\"item\":\"https:\\\/\\\/ijp.org\\\/en\\\/projects\\\/\"},{\"@type\":\"ListItem\",\"position\":3,\"name\":\"ComLab #9\"}]},{\"@type\":\"WebSite\",\"@id\":\"https:\\\/\\\/ijp.org\\\/#website\",\"url\":\"https:\\\/\\\/ijp.org\\\/\",\"name\":\"IJP\",\"description\":\"\",\"publisher\":{\"@id\":\"https:\\\/\\\/ijp.org\\\/#organization\"},\"potentialAction\":[{\"@type\":\"SearchAction\",\"target\":{\"@type\":\"EntryPoint\",\"urlTemplate\":\"https:\\\/\\\/ijp.org\\\/?s={search_term_string}\"},\"query-input\":{\"@type\":\"PropertyValueSpecification\",\"valueRequired\":true,\"valueName\":\"search_term_string\"}}],\"inLanguage\":\"en-US\"},{\"@type\":\"Organization\",\"@id\":\"https:\\\/\\\/ijp.org\\\/#organization\",\"name\":\"IJP\",\"url\":\"https:\\\/\\\/ijp.org\\\/\",\"logo\":{\"@type\":\"ImageObject\",\"inLanguage\":\"en-US\",\"@id\":\"https:\\\/\\\/ijp.org\\\/#\\\/schema\\\/logo\\\/image\\\/\",\"url\":\"https:\\\/\\\/ijp.org\\\/wp-content\\\/uploads\\\/2023\\\/01\\\/IJP-logo-dreizeilig-rgb-1.png\",\"contentUrl\":\"https:\\\/\\\/ijp.org\\\/wp-content\\\/uploads\\\/2023\\\/01\\\/IJP-logo-dreizeilig-rgb-1.png\",\"width\":556,\"height\":154,\"caption\":\"IJP\"},\"image\":{\"@id\":\"https:\\\/\\\/ijp.org\\\/#\\\/schema\\\/logo\\\/image\\\/\"}}]}<\/script>\n<!-- \/ Yoast SEO plugin. -->","yoast_head_json":{"title":"ComLab #9 - IJP","robots":{"index":"index","follow":"follow","max-snippet":"max-snippet:-1","max-image-preview":"max-image-preview:large","max-video-preview":"max-video-preview:-1"},"canonical":"https:\/\/ijp.org\/en\/projects\/comlab-9\/","og_locale":"en_US","og_type":"article","og_title":"ComLab #9 - IJP","og_url":"https:\/\/ijp.org\/en\/projects\/comlab-9\/","og_site_name":"IJP","article_modified_time":"2024-11-15T13:12:47+00:00","twitter_card":"summary_large_image","schema":{"@context":"https:\/\/schema.org","@graph":[{"@type":"WebPage","@id":"https:\/\/ijp.org\/en\/projects\/comlab-9\/","url":"https:\/\/ijp.org\/en\/projects\/comlab-9\/","name":"ComLab #9 - IJP","isPartOf":{"@id":"https:\/\/ijp.org\/#website"},"datePublished":"2024-02-29T16:53:00+00:00","dateModified":"2024-11-15T13:12:47+00:00","breadcrumb":{"@id":"https:\/\/ijp.org\/en\/projects\/comlab-9\/#breadcrumb"},"inLanguage":"en-US","potentialAction":[{"@type":"ReadAction","target":["https:\/\/ijp.org\/en\/projects\/comlab-9\/"]}]},{"@type":"BreadcrumbList","@id":"https:\/\/ijp.org\/en\/projects\/comlab-9\/#breadcrumb","itemListElement":[{"@type":"ListItem","position":1,"name":"Startseite","item":"https:\/\/ijp.org\/en\/"},{"@type":"ListItem","position":2,"name":"Projects","item":"https:\/\/ijp.org\/en\/projects\/"},{"@type":"ListItem","position":3,"name":"ComLab #9"}]},{"@type":"WebSite","@id":"https:\/\/ijp.org\/#website","url":"https:\/\/ijp.org\/","name":"IJP","description":"","publisher":{"@id":"https:\/\/ijp.org\/#organization"},"potentialAction":[{"@type":"SearchAction","target":{"@type":"EntryPoint","urlTemplate":"https:\/\/ijp.org\/?s={search_term_string}"},"query-input":{"@type":"PropertyValueSpecification","valueRequired":true,"valueName":"search_term_string"}}],"inLanguage":"en-US"},{"@type":"Organization","@id":"https:\/\/ijp.org\/#organization","name":"IJP","url":"https:\/\/ijp.org\/","logo":{"@type":"ImageObject","inLanguage":"en-US","@id":"https:\/\/ijp.org\/#\/schema\/logo\/image\/","url":"https:\/\/ijp.org\/wp-content\/uploads\/2023\/01\/IJP-logo-dreizeilig-rgb-1.png","contentUrl":"https:\/\/ijp.org\/wp-content\/uploads\/2023\/01\/IJP-logo-dreizeilig-rgb-1.png","width":556,"height":154,"caption":"IJP"},"image":{"@id":"https:\/\/ijp.org\/#\/schema\/logo\/image\/"}}]}},"_links":{"self":[{"href":"https:\/\/ijp.org\/en\/wp-json\/wp\/v2\/pages\/5776","targetHints":{"allow":["GET"]}}],"collection":[{"href":"https:\/\/ijp.org\/en\/wp-json\/wp\/v2\/pages"}],"about":[{"href":"https:\/\/ijp.org\/en\/wp-json\/wp\/v2\/types\/page"}],"author":[{"embeddable":true,"href":"https:\/\/ijp.org\/en\/wp-json\/wp\/v2\/users\/3"}],"replies":[{"embeddable":true,"href":"https:\/\/ijp.org\/en\/wp-json\/wp\/v2\/comments?post=5776"}],"version-history":[{"count":26,"href":"https:\/\/ijp.org\/en\/wp-json\/wp\/v2\/pages\/5776\/revisions"}],"predecessor-version":[{"id":6701,"href":"https:\/\/ijp.org\/en\/wp-json\/wp\/v2\/pages\/5776\/revisions\/6701"}],"up":[{"embeddable":true,"href":"https:\/\/ijp.org\/en\/wp-json\/wp\/v2\/pages\/3493"}],"wp:attachment":[{"href":"https:\/\/ijp.org\/en\/wp-json\/wp\/v2\/media?parent=5776"}],"curies":[{"name":"wp","href":"https:\/\/api.w.org\/{rel}","templated":true}]}}